{"id":11,"date":"2026-01-07T12:36:00","date_gmt":"2026-01-07T10:36:00","guid":{"rendered":"http:\/\/u36199.shellit.info\/?page_id=11"},"modified":"2026-02-03T14:28:48","modified_gmt":"2026-02-03T12:28:48","slug":"karpalo","status":"publish","type":"page","link":"https:\/\/www.aamuhuoneistot.fi\/?page_id=11","title":{"rendered":"Karpalo"},"content":{"rendered":"<p><img loading=\"lazy\" class=\"aligncenter size-full wp-image-243\" src=\"http:\/\/www.aamuhuoneistot.fi\/wp-content\/uploads\/2014\/10\/karpalo.jpg\" alt=\"karpalo\" width=\"800\" height=\"160\" srcset=\"https:\/\/www.aamuhuoneistot.fi\/wp-content\/uploads\/2014\/10\/karpalo.jpg 800w, https:\/\/www.aamuhuoneistot.fi\/wp-content\/uploads\/2014\/10\/karpalo-300x60.jpg 300w\" sizes=\"(max-width: 800px) 100vw, 800px\" \/><\/p>\n<p><strong>Huoneisto Apartment Karpalo, Juhanintie 2 A 4, 58 m\u00b2<\/strong><\/p>\n<ul>\n<li>2 huonetta, keitti\u00f6, WC, suihku ja parveke<\/li>\n<li>makuutilat 5 hengelle, astiat ja ruuanlaittov\u00e4lineet 8 hengelle,<\/li>\n<li>astianpesukone, mikroaaltouuni, kahvinkeitin ja vedenkeitin, pyykinpesukone, j\u00e4\u00e4kaappi, silitysv\u00e4lineet, televisio ja wifi<\/li>\n<li>l\u00e4hell\u00e4 satamaa, telakkaa ja Yyterin hiekkarantaa<\/li>\n<\/ul>\n<ul>\n<li><em>2 rooms, kitchen, \u00a0WC, shower, balcony, \u00a04 beds, dishes and cooking equipments for \u00a08 persons<\/em><\/li>\n<li><em>micro oven, coffee machine, water cooker, dish washer, \u00a0fridge, \u2028washing machine, tv and free wifi<\/em><\/li>\n<li><em>\u00a0near \u00a0Pori port, shipyard and Yyteri sandy beach<\/em><\/li>\n<\/ul>\n<p><a title=\"Lis\u00e4tiedot ja varaukset\" href=\"http:\/\/www.aamuhuoneistot.fi\/?page_id=31\"><strong>Pyyd\u00e4 tarjous huoneiston vuokrauksesta ! \u00a0<em>Please ask for an offer !<\/em><\/strong><\/a><\/p>\n<p>L\u00e4het\u00e4mme pyynn\u00f6st\u00e4 kuvia huoneistosta. \u00a0<em>We will send photos from apartment if needed<\/em><\/p>\n<p>+358 500 533 572 tai +358 400 533572 \u00a0Lis\u00e4tiedot ja varaukset: <em>More<\/em> <em>information and reservations:<\/em> varaukset@aamuhuoneistot.fi<\/p>\n","protected":false},"excerpt":{"rendered":"<p>Huoneisto Apartment Karpalo, Juhanintie 2 A 4, 58 m\u00b2 2 huonetta, keitti\u00f6, WC, suihku ja parveke makuutilat 5 hengelle, astiat ja ruuanlaittov\u00e4lineet 8 hengelle, astianpesukone, mikroaaltouuni, kahvinkeitin ja vedenkeitin, pyykinpesukone, j\u00e4\u00e4kaappi, silitysv\u00e4lineet, televisio ja wifi l\u00e4hell\u00e4 satamaa, telakkaa ja Yyterin hiekkarantaa 2 rooms, kitchen, \u00a0WC, shower, balcony, \u00a04 beds, dishes and cooking equipments for \u00a08 &hellip; <a href=\"https:\/\/www.aamuhuoneistot.fi\/?page_id=11\" class=\"more-link\">Jatka lukemista <span class=\"screen-reader-text\">Karpalo<\/span> <span class=\"meta-nav\">&rarr;<\/span><\/a><\/p>\n","protected":false},"author":1,"featured_media":0,"parent":0,"menu_order":0,"comment_status":"closed","ping_status":"closed","template":"","meta":[],"_links":{"self":[{"href":"https:\/\/www.aamuhuoneistot.fi\/index.php?rest_route=\/wp\/v2\/pages\/11"}],"collection":[{"href":"https:\/\/www.aamuhuoneistot.fi\/index.php?rest_route=\/wp\/v2\/pages"}],"about":[{"href":"https:\/\/www.aamuhuoneistot.fi\/index.php?rest_route=\/wp\/v2\/types\/page"}],"author":[{"embeddable":true,"href":"https:\/\/www.aamuhuoneistot.fi\/index.php?rest_route=\/wp\/v2\/users\/1"}],"replies":[{"embeddable":true,"href":"https:\/\/www.aamuhuoneistot.fi\/index.php?rest_route=%2Fwp%2Fv2%2Fcomments&post=11"}],"version-history":[{"count":8,"href":"https:\/\/www.aamuhuoneistot.fi\/index.php?rest_route=\/wp\/v2\/pages\/11\/revisions"}],"predecessor-version":[{"id":625,"href":"https:\/\/www.aamuhuoneistot.fi\/index.php?rest_route=\/wp\/v2\/pages\/11\/revisions\/625"}],"wp:attachment":[{"href":"https:\/\/www.aamuhuoneistot.fi\/index.php?rest_route=%2Fwp%2Fv2%2Fmedia&parent=11"}],"curies":[{"name":"wp","href":"https:\/\/api.w.org\/{rel}","templated":true}]}}